{"id":68,"date":"2023-11-01T12:59:19","date_gmt":"2023-11-01T12:59:19","guid":{"rendered":"http:\/\/sw-themes.com\/porto_dummy\/?page_id=68"},"modified":"2024-09-28T11:04:08","modified_gmt":"2024-09-28T14:04:08","slug":"sobrenos","status":"publish","type":"page","link":"https:\/\/nonasa.com.br\/index.php\/sobrenos\/","title":{"rendered":"Sobre n\u00f3s"},"content":{"rendered":"\t\t<div data-elementor-type=\"wp-page\" data-elementor-id=\"68\" class=\"elementor elementor-68\">\n\t\t\t\t\t\t\t\t\t<section class=\"elementor-section elementor-top-section elementor-element elementor-element-b3fa325 elementor-section-boxed elementor-section-height-default elementor-section-height-default\" data-id=\"b3fa325\" data-element_type=\"section\">\r\n\t\t\r\n\t\t\t\t\t\t\t<div class=\"elementor-container elementor-column-gap-default\">\r\n\t\t\t\t\t\t\t\t\t\t\t<div class=\"elementor-column elementor-col-100 elementor-top-column elementor-element elementor-element-3255a1b\" data-id=\"3255a1b\" data-element_type=\"column\" data-settings=\"{&quot;background_background&quot;:&quot;classic&quot;}\">\r\n\t\t\t\t\t<div class=\"elementor-widget-wrap elementor-element-populated\">\r\n\t\t\t\t\t\t\t\t<div class=\"elementor-element elementor-element-0ec3009 elementor-widget elementor-widget-porto_ultimate_heading\" data-id=\"0ec3009\" data-element_type=\"widget\" data-widget_type=\"porto_ultimate_heading.default\">\n\t\t\t\t<div class=\"elementor-widget-container\">\n\t\t\t<div class=\"porto-u-heading  porto-u-2710\"><div class=\"porto-u-main-heading\"><h2   ><span class=\"some\">A<\/span> <span translate=\"no\"> Nona <\/span><\/h2><\/div><style>.porto-u-2710.porto-u-heading{text-align:center}<\/style><\/div>\t\t<\/div>\n\t\t\t\t<\/div>\n\t\t\t\t<div class=\"elementor-element elementor-element-25afe63 pb-1 mb-4 mb-lg-2 mb-xl-4 px-lg-3 elementor-widget elementor-widget-heading\" data-id=\"25afe63\" data-element_type=\"widget\" data-widget_type=\"heading.default\">\n\t\t\t\t<div class=\"elementor-widget-container\">\n\t\t\t<style>\/*! elementor - v3.6.1 - 23-03-2022 *\/\n.elementor-heading-title{padding:0;margin:0;line-height:1}.elementor-widget-heading .elementor-heading-title[class*=elementor-size-]>a{color:inherit;font-size:inherit;line-height:inherit}.elementor-widget-heading .elementor-heading-title.elementor-size-small{font-size:15px}.elementor-widget-heading .elementor-heading-title.elementor-size-medium{font-size:19px}.elementor-widget-heading .elementor-heading-title.elementor-size-large{font-size:29px}.elementor-widget-heading .elementor-heading-title.elementor-size-xl{font-size:39px}.elementor-widget-heading .elementor-heading-title.elementor-size-xxl{font-size:59px}<\/style><p class=\"elementor-heading-title elementor-size-default\">A <span translate=\"no\"> Nona <\/span> \u00e9 uma empresa especializada em intermedia\u00e7\u00e3o de neg\u00f3cios, atuando em diversos setores, incluindo expans\u00e3o empresarial, gest\u00e3o de ativos, loteamentos e gest\u00e3o de vendas.<\/p>\t\t<\/div>\n\t\t\t\t<\/div>\n\t\t\t\t<section class=\"elementor-section elementor-inner-section elementor-element elementor-element-19cdc65 px-lg-3 elementor-section-boxed elementor-section-height-default elementor-section-height-default\" data-id=\"19cdc65\" data-element_type=\"section\">\r\n\t\t\r\n\t\t\t\t\t\t\t<div class=\"elementor-container elementor-column-gap-default\">\r\n\t\t\t\t\t\t\t\t\t\t\t<div class=\"elementor-column elementor-col-50 elementor-inner-column elementor-element elementor-element-274c1f5\" data-id=\"274c1f5\" data-element_type=\"column\">\r\n\t\t\t\t\t<div class=\"elementor-widget-wrap elementor-element-populated\">\r\n\t\t\t\t\t\t\t\t<div class=\"elementor-element elementor-element-9971362 elementor-widget elementor-widget-image\" data-id=\"9971362\" data-element_type=\"widget\" data-widget_type=\"image.default\">\n\t\t\t\t<div class=\"elementor-widget-container\">\n\t\t\t<style>\/*! elementor - v3.6.1 - 23-03-2022 *\/\n.elementor-widget-image{text-align:center}.elementor-widget-image a{display:inline-block}.elementor-widget-image a img[src$=\".svg\"]{width:48px}.elementor-widget-image img{vertical-align:middle;display:inline-block}<\/style>\t\t\t\t\t\t\t\t\t\t\t\t<img loading=\"lazy\" decoding=\"async\" width=\"600\" height=\"400\" src=\"https:\/\/nonasa.com.br\/wp-content\/uploads\/2024\/02\/sobre_nos.jpg\" class=\"attachment-full size-full\" alt=\"\" srcset=\"https:\/\/nonasa.com.br\/wp-content\/uploads\/2024\/02\/sobre_nos.jpg 600w, https:\/\/nonasa.com.br\/wp-content\/uploads\/2024\/02\/sobre_nos-400x267.jpg 400w, https:\/\/nonasa.com.br\/wp-content\/uploads\/2024\/02\/sobre_nos-367x245.jpg 367w\" sizes=\"auto, (max-width: 600px) 100vw, 600px\" \/>\t\t\t\t\t\t\t\t\t\t\t\t\t\t\t<\/div>\n\t\t\t\t<\/div>\n\t\t\t\t\t<\/div>\r\n\t\t\t\t<\/div>\r\n\t\t\t\t<div class=\"elementor-column elementor-col-50 elementor-inner-column elementor-element elementor-element-74b8700\" data-id=\"74b8700\" data-element_type=\"column\">\r\n\t\t\t\t\t<div class=\"elementor-widget-wrap elementor-element-populated\">\r\n\t\t\t\t\t\t\t\t<div class=\"elementor-element elementor-element-bbb7a50 elementor-widget elementor-widget-porto_ultimate_heading\" data-id=\"bbb7a50\" data-element_type=\"widget\" data-widget_type=\"porto_ultimate_heading.default\">\n\t\t\t\t<div class=\"elementor-widget-container\">\n\t\t\t<div class=\"porto-u-heading  porto-u-1028\"><div class=\"porto-u-main-heading\"><h2   >Miss\u00e3o<\/h2><\/div><style>.porto-u-1028.porto-u-heading{text-align:left}<\/style><\/div>\t\t<\/div>\n\t\t\t\t<\/div>\n\t\t\t\t<div class=\"elementor-element elementor-element-f636fb6 elementor-widget elementor-widget-text-editor\" data-id=\"f636fb6\" data-element_type=\"widget\" data-widget_type=\"text-editor.default\">\n\t\t\t\t<div class=\"elementor-widget-container\">\n\t\t\t<style>\/*! elementor - v3.6.1 - 23-03-2022 *\/\n.elementor-widget-text-editor.elementor-drop-cap-view-stacked .elementor-drop-cap{background-color:#818a91;color:#fff}.elementor-widget-text-editor.elementor-drop-cap-view-framed .elementor-drop-cap{color:#818a91;border:3px solid;background-color:transparent}.elementor-widget-text-editor:not(.elementor-drop-cap-view-default) .elementor-drop-cap{margin-top:8px}.elementor-widget-text-editor:not(.elementor-drop-cap-view-default) .elementor-drop-cap-letter{width:1em;height:1em}.elementor-widget-text-editor .elementor-drop-cap{float:left;text-align:center;line-height:1;font-size:50px}.elementor-widget-text-editor .elementor-drop-cap-letter{display:inline-block}<\/style>\t\t\t\t<p>Facilitar e estruturar neg\u00f3cios, oferecendo solu\u00e7\u00f5es personalizadas e estrat\u00e9gicas para atender \u00e0s necessidades espec\u00edficas de cada cliente.<\/p>\t\t\t\t\t\t<\/div>\n\t\t\t\t<\/div>\n\t\t\t\t<div class=\"elementor-element elementor-element-bb577c8 elementor-widget elementor-widget-porto_ultimate_heading\" data-id=\"bb577c8\" data-element_type=\"widget\" data-widget_type=\"porto_ultimate_heading.default\">\n\t\t\t\t<div class=\"elementor-widget-container\">\n\t\t\t<div class=\"porto-u-heading  porto-u-6781\"><div class=\"porto-u-main-heading\"><h2   >Vis\u00e3o<\/h2><\/div><style>.porto-u-6781.porto-u-heading{text-align:left}<\/style><\/div>\t\t<\/div>\n\t\t\t\t<\/div>\n\t\t\t\t<div class=\"elementor-element elementor-element-d517971 elementor-widget elementor-widget-text-editor\" data-id=\"d517971\" data-element_type=\"widget\" data-widget_type=\"text-editor.default\">\n\t\t\t\t<div class=\"elementor-widget-container\">\n\t\t\t\t\t\t\t<p>Ser reconhecida como uma parceira essencial na viabiliza\u00e7\u00e3o de neg\u00f3cios, oferecendo excel\u00eancia e inova\u00e7\u00e3o em nossos servi\u00e7os.<\/p>\t\t\t\t\t\t<\/div>\n\t\t\t\t<\/div>\n\t\t\t\t<div class=\"elementor-element elementor-element-393da12 elementor-widget elementor-widget-porto_ultimate_heading\" data-id=\"393da12\" data-element_type=\"widget\" data-widget_type=\"porto_ultimate_heading.default\">\n\t\t\t\t<div class=\"elementor-widget-container\">\n\t\t\t<div class=\"porto-u-heading  porto-u-9401\"><div class=\"porto-u-main-heading\"><h2   >Valores<\/h2><\/div><style>.porto-u-9401.porto-u-heading{text-align:left}<\/style><\/div>\t\t<\/div>\n\t\t\t\t<\/div>\n\t\t\t\t<div class=\"elementor-element elementor-element-828a5ad elementor-widget elementor-widget-text-editor\" data-id=\"828a5ad\" data-element_type=\"widget\" data-widget_type=\"text-editor.default\">\n\t\t\t\t<div class=\"elementor-widget-container\">\n\t\t\t\t\t\t\t<p>Comprometimento com a excel\u00eancia, transpar\u00eancia nas rela\u00e7\u00f5es, inova\u00e7\u00e3o cont\u00ednua e foco no sucesso e satisfa\u00e7\u00e3o do cliente.<\/p>\t\t\t\t\t\t<\/div>\n\t\t\t\t<\/div>\n\t\t\t\t\t<\/div>\r\n\t\t\t\t<\/div>\r\n\t\t\t\t\t<\/div>\r\n\t\t\t\t<\/section>\r\n\t\t\t\t\t<\/div>\r\n\t\t\t\t<\/div>\r\n\t\t\t\t\t<\/div>\r\n\t\t\t\t<\/section>\r\n\t\t\t\t<section class=\"elementor-section elementor-top-section elementor-element elementor-element-0129413 elementor-section-boxed elementor-section-height-default elementor-section-height-default\" data-id=\"0129413\" data-element_type=\"section\">\r\n\t\t\r\n\t\t\t\t\t\t\t<div class=\"elementor-container elementor-column-gap-default\">\r\n\t\t\t\t\t\t\t\t\t\t\t<div class=\"elementor-column elementor-col-100 elementor-top-column elementor-element elementor-element-0ec41e4\" data-id=\"0ec41e4\" data-element_type=\"column\">\r\n\t\t\t\t\t<div class=\"elementor-widget-wrap elementor-element-populated\">\r\n\t\t\t\t\t\t\t\t<div class=\"elementor-element elementor-element-0e8c6bb elementor-widget elementor-widget-porto_ultimate_heading\" data-id=\"0e8c6bb\" data-element_type=\"widget\" data-widget_type=\"porto_ultimate_heading.default\">\n\t\t\t\t<div class=\"elementor-widget-container\">\n\t\t\t<div class=\"porto-u-heading  porto-u-4783\"><div class=\"porto-u-main-heading\"><h2   >Nossa equipe<\/h2><\/div><style>.porto-u-4783.porto-u-heading{text-align:center}<\/style><\/div>\t\t<\/div>\n\t\t\t\t<\/div>\n\t\t\t\t<div class=\"elementor-element elementor-element-ad8c729 pb-1 mb-4 mb-lg-2 mb-xl-4 px-lg-3 elementor-widget elementor-widget-heading\" data-id=\"ad8c729\" data-element_type=\"widget\" data-widget_type=\"heading.default\">\n\t\t\t\t<div class=\"elementor-widget-container\">\n\t\t\t<p class=\"elementor-heading-title elementor-size-default\">A atua\u00e7\u00e3o da equipe gerenciada por Bernardo Sales, Rodolfo Morais e Vin\u00edcius Chaves na realiza\u00e7\u00e3o dos projetos da Nona \u00e9 marcada pela sinergia de habilidades e experi\u00eancias complementares. Juntos, sob a gest\u00e3o desses l\u00edderes, a equipe da Nona se destaca na concretiza\u00e7\u00e3o de empreendimentos imobili\u00e1rios inovadores e de alta qualidade.<\/p>\t\t<\/div>\n\t\t\t\t<\/div>\n\t\t\t\t\t<\/div>\r\n\t\t\t\t<\/div>\r\n\t\t\t\t\t<\/div>\r\n\t\t\t\t<\/section>\r\n\t\t\t\t<section class=\"elementor-section elementor-top-section elementor-element elementor-element-a745254 elementor-section-boxed elementor-section-height-default elementor-section-height-default\" data-id=\"a745254\" data-element_type=\"section\">\r\n\t\t\r\n\t\t\t\t\t\t\t<div class=\"elementor-container elementor-column-gap-default\">\r\n\t\t\t\t\t\t\t\t\t\t\t<div class=\"elementor-column elementor-col-33 elementor-top-column elementor-element elementor-element-3b890f2\" data-id=\"3b890f2\" data-element_type=\"column\" data-settings=\"{&quot;background_background&quot;:&quot;classic&quot;}\">\r\n\t\t\t\t\t<div class=\"elementor-widget-wrap elementor-element-populated\">\r\n\t\t\t\t\t\t\t\t<div class=\"elementor-element elementor-element-6db1836 elementor-widget elementor-widget-image\" data-id=\"6db1836\" data-element_type=\"widget\" data-widget_type=\"image.default\">\n\t\t\t\t<div class=\"elementor-widget-container\">\n\t\t\t\t\t\t\t\t\t\t\t\t\t\t\t<img loading=\"lazy\" decoding=\"async\" width=\"400\" height=\"400\" src=\"https:\/\/nonasa.com.br\/wp-content\/uploads\/2024\/04\/X8A8737_edit.png\" class=\"attachment-large size-large\" alt=\"\" srcset=\"https:\/\/nonasa.com.br\/wp-content\/uploads\/2024\/04\/X8A8737_edit.png 400w, https:\/\/nonasa.com.br\/wp-content\/uploads\/2024\/04\/X8A8737_edit-367x367.png 367w\" sizes=\"auto, (max-width: 400px) 100vw, 400px\" \/>\t\t\t\t\t\t\t\t\t\t\t\t\t\t\t<\/div>\n\t\t\t\t<\/div>\n\t\t\t\t<div class=\"elementor-element elementor-element-b589689 elementor-widget elementor-widget-porto_ultimate_heading\" data-id=\"b589689\" data-element_type=\"widget\" data-widget_type=\"porto_ultimate_heading.default\">\n\t\t\t\t<div class=\"elementor-widget-container\">\n\t\t\t<div class=\"porto-u-heading  porto-u-7004\"><div class=\"porto-u-main-heading\"><h2   >Vin\u00edcius Chaves<\/h2><\/div><style>.porto-u-7004.porto-u-heading{text-align:center}<\/style><\/div>\t\t<\/div>\n\t\t\t\t<\/div>\n\t\t\t\t<div class=\"elementor-element elementor-element-93d0fc4 elementor-widget elementor-widget-text-editor\" data-id=\"93d0fc4\" data-element_type=\"widget\" data-widget_type=\"text-editor.default\">\n\t\t\t\t<div class=\"elementor-widget-container\">\n\t\t\t\t\t\t\t<p>Novos Neg\u00f3cios<\/p>\t\t\t\t\t\t<\/div>\n\t\t\t\t<\/div>\n\t\t\t\t\t<\/div>\r\n\t\t\t\t<\/div>\r\n\t\t\t\t<div class=\"elementor-column elementor-col-33 elementor-top-column elementor-element elementor-element-4d5cd9a\" data-id=\"4d5cd9a\" data-element_type=\"column\" data-settings=\"{&quot;background_background&quot;:&quot;classic&quot;}\">\r\n\t\t\t\t\t<div class=\"elementor-widget-wrap elementor-element-populated\">\r\n\t\t\t\t\t\t\t\t<div class=\"elementor-element elementor-element-ae73a42 elementor-widget elementor-widget-image\" data-id=\"ae73a42\" data-element_type=\"widget\" data-widget_type=\"image.default\">\n\t\t\t\t<div class=\"elementor-widget-container\">\n\t\t\t\t\t\t\t\t\t\t\t\t\t\t\t<img loading=\"lazy\" decoding=\"async\" width=\"400\" height=\"400\" src=\"https:\/\/nonasa.com.br\/wp-content\/uploads\/2024\/04\/X8A8746_edit.png\" class=\"attachment-large size-large\" alt=\"\" srcset=\"https:\/\/nonasa.com.br\/wp-content\/uploads\/2024\/04\/X8A8746_edit.png 400w, https:\/\/nonasa.com.br\/wp-content\/uploads\/2024\/04\/X8A8746_edit-367x367.png 367w\" sizes=\"auto, (max-width: 400px) 100vw, 400px\" \/>\t\t\t\t\t\t\t\t\t\t\t\t\t\t\t<\/div>\n\t\t\t\t<\/div>\n\t\t\t\t<div class=\"elementor-element elementor-element-c8f5f45 elementor-widget elementor-widget-porto_ultimate_heading\" data-id=\"c8f5f45\" data-element_type=\"widget\" data-widget_type=\"porto_ultimate_heading.default\">\n\t\t\t\t<div class=\"elementor-widget-container\">\n\t\t\t<div class=\"porto-u-heading  porto-u-3233\"><div class=\"porto-u-main-heading\"><h2   >Bernardo Sales<\/h2><\/div><style>.porto-u-3233.porto-u-heading{text-align:center}<\/style><\/div>\t\t<\/div>\n\t\t\t\t<\/div>\n\t\t\t\t<div class=\"elementor-element elementor-element-1e270ce elementor-widget elementor-widget-text-editor\" data-id=\"1e270ce\" data-element_type=\"widget\" data-widget_type=\"text-editor.default\">\n\t\t\t\t<div class=\"elementor-widget-container\">\n\t\t\t\t\t\t\t<p>Comercial<\/p>\t\t\t\t\t\t<\/div>\n\t\t\t\t<\/div>\n\t\t\t\t\t<\/div>\r\n\t\t\t\t<\/div>\r\n\t\t\t\t<div class=\"elementor-column elementor-col-33 elementor-top-column elementor-element elementor-element-89cb61f\" data-id=\"89cb61f\" data-element_type=\"column\" data-settings=\"{&quot;background_background&quot;:&quot;classic&quot;}\">\r\n\t\t\t\t\t<div class=\"elementor-widget-wrap elementor-element-populated\">\r\n\t\t\t\t\t\t\t\t<div class=\"elementor-element elementor-element-4c858be elementor-widget elementor-widget-image\" data-id=\"4c858be\" data-element_type=\"widget\" data-widget_type=\"image.default\">\n\t\t\t\t<div class=\"elementor-widget-container\">\n\t\t\t\t\t\t\t\t\t\t\t\t\t\t\t<img loading=\"lazy\" decoding=\"async\" width=\"400\" height=\"400\" src=\"https:\/\/nonasa.com.br\/wp-content\/uploads\/2024\/04\/X8A8820_edit.png\" class=\"attachment-large size-large\" alt=\"\" srcset=\"https:\/\/nonasa.com.br\/wp-content\/uploads\/2024\/04\/X8A8820_edit.png 400w, https:\/\/nonasa.com.br\/wp-content\/uploads\/2024\/04\/X8A8820_edit-367x367.png 367w\" sizes=\"auto, (max-width: 400px) 100vw, 400px\" \/>\t\t\t\t\t\t\t\t\t\t\t\t\t\t\t<\/div>\n\t\t\t\t<\/div>\n\t\t\t\t<div class=\"elementor-element elementor-element-ef7d12e elementor-widget elementor-widget-porto_ultimate_heading\" data-id=\"ef7d12e\" data-element_type=\"widget\" data-widget_type=\"porto_ultimate_heading.default\">\n\t\t\t\t<div class=\"elementor-widget-container\">\n\t\t\t<div class=\"porto-u-heading  porto-u-4451\"><div class=\"porto-u-main-heading\"><h2   >Rodolfo Morais<\/h2><\/div><style>.porto-u-4451.porto-u-heading{text-align:center}<\/style><\/div>\t\t<\/div>\n\t\t\t\t<\/div>\n\t\t\t\t<div class=\"elementor-element elementor-element-cf6cb13 elementor-widget elementor-widget-text-editor\" data-id=\"cf6cb13\" data-element_type=\"widget\" data-widget_type=\"text-editor.default\">\n\t\t\t\t<div class=\"elementor-widget-container\">\n\t\t\t\t\t\t\t<p>Relacionamento<\/p>\t\t\t\t\t\t<\/div>\n\t\t\t\t<\/div>\n\t\t\t\t\t<\/div>\r\n\t\t\t\t<\/div>\r\n\t\t\t\t\t<\/div>\r\n\t\t\t\t<\/section>\r\n\t\t\t\t<section class=\"elementor-section elementor-top-section elementor-element elementor-element-9b67982 elementor-section-boxed elementor-section-height-default elementor-section-height-default\" data-id=\"9b67982\" data-element_type=\"section\">\r\n\t\t\r\n\t\t\t\t\t\t\t<div class=\"elementor-container elementor-column-gap-default\">\r\n\t\t\t\t\t\t\t\t\t\t\t<div class=\"elementor-column elementor-col-33 elementor-top-column elementor-element elementor-element-55554ee\" data-id=\"55554ee\" data-element_type=\"column\" data-settings=\"{&quot;background_background&quot;:&quot;classic&quot;}\">\r\n\t\t\t\t\t<div class=\"elementor-widget-wrap elementor-element-populated\">\r\n\t\t\t\t\t\t\t\t<div class=\"elementor-element elementor-element-a2af2ad elementor-widget elementor-widget-image\" data-id=\"a2af2ad\" data-element_type=\"widget\" data-widget_type=\"image.default\">\n\t\t\t\t<div class=\"elementor-widget-container\">\n\t\t\t\t\t\t\t\t\t\t\t\t\t\t\t<img loading=\"lazy\" decoding=\"async\" width=\"400\" height=\"400\" src=\"https:\/\/nonasa.com.br\/wp-content\/uploads\/2024\/04\/X8A8946-1_edit.png\" class=\"attachment-large size-large\" alt=\"\" srcset=\"https:\/\/nonasa.com.br\/wp-content\/uploads\/2024\/04\/X8A8946-1_edit.png 400w, https:\/\/nonasa.com.br\/wp-content\/uploads\/2024\/04\/X8A8946-1_edit-367x367.png 367w\" sizes=\"auto, (max-width: 400px) 100vw, 400px\" \/>\t\t\t\t\t\t\t\t\t\t\t\t\t\t\t<\/div>\n\t\t\t\t<\/div>\n\t\t\t\t<div class=\"elementor-element elementor-element-b20a008 elementor-widget elementor-widget-porto_ultimate_heading\" data-id=\"b20a008\" data-element_type=\"widget\" data-widget_type=\"porto_ultimate_heading.default\">\n\t\t\t\t<div class=\"elementor-widget-container\">\n\t\t\t<div class=\"porto-u-heading  porto-u-7738\"><div class=\"porto-u-main-heading\"><h2   >Fernanda Dias<\/h2><\/div><style>.porto-u-7738.porto-u-heading{text-align:center}<\/style><\/div>\t\t<\/div>\n\t\t\t\t<\/div>\n\t\t\t\t<div class=\"elementor-element elementor-element-a9422d7 elementor-widget elementor-widget-text-editor\" data-id=\"a9422d7\" data-element_type=\"widget\" data-widget_type=\"text-editor.default\">\n\t\t\t\t<div class=\"elementor-widget-container\">\n\t\t\t\t\t\t\t<p>Administrativo<\/p>\t\t\t\t\t\t<\/div>\n\t\t\t\t<\/div>\n\t\t\t\t\t<\/div>\r\n\t\t\t\t<\/div>\r\n\t\t\t\t<div class=\"elementor-column elementor-col-33 elementor-top-column elementor-element elementor-element-e0a7542\" data-id=\"e0a7542\" data-element_type=\"column\" data-settings=\"{&quot;background_background&quot;:&quot;classic&quot;}\">\r\n\t\t\t\t\t<div class=\"elementor-widget-wrap elementor-element-populated\">\r\n\t\t\t\t\t\t\t\t<div class=\"elementor-element elementor-element-65270a6 elementor-widget elementor-widget-image\" data-id=\"65270a6\" data-element_type=\"widget\" data-widget_type=\"image.default\">\n\t\t\t\t<div class=\"elementor-widget-container\">\n\t\t\t\t\t\t\t\t\t\t\t\t\t\t\t<img loading=\"lazy\" decoding=\"async\" width=\"400\" height=\"400\" src=\"https:\/\/nonasa.com.br\/wp-content\/uploads\/2024\/04\/X8A9039_edit.png\" class=\"attachment-large size-large\" alt=\"\" srcset=\"https:\/\/nonasa.com.br\/wp-content\/uploads\/2024\/04\/X8A9039_edit.png 400w, https:\/\/nonasa.com.br\/wp-content\/uploads\/2024\/04\/X8A9039_edit-367x367.png 367w\" sizes=\"auto, (max-width: 400px) 100vw, 400px\" \/>\t\t\t\t\t\t\t\t\t\t\t\t\t\t\t<\/div>\n\t\t\t\t<\/div>\n\t\t\t\t<div class=\"elementor-element elementor-element-94d9842 elementor-widget elementor-widget-porto_ultimate_heading\" data-id=\"94d9842\" data-element_type=\"widget\" data-widget_type=\"porto_ultimate_heading.default\">\n\t\t\t\t<div class=\"elementor-widget-container\">\n\t\t\t<div class=\"porto-u-heading  porto-u-9642\"><div class=\"porto-u-main-heading\"><h2   >Michelle Moreira<\/h2><\/div><style>.porto-u-9642.porto-u-heading{text-align:center}<\/style><\/div>\t\t<\/div>\n\t\t\t\t<\/div>\n\t\t\t\t<div class=\"elementor-element elementor-element-b829169 elementor-widget elementor-widget-text-editor\" data-id=\"b829169\" data-element_type=\"widget\" data-widget_type=\"text-editor.default\">\n\t\t\t\t<div class=\"elementor-widget-container\">\n\t\t\t\t\t\t\t<p>Jur\u00eddico<\/p>\t\t\t\t\t\t<\/div>\n\t\t\t\t<\/div>\n\t\t\t\t\t<\/div>\r\n\t\t\t\t<\/div>\r\n\t\t\t\t<div class=\"elementor-column elementor-col-33 elementor-top-column elementor-element elementor-element-86fae75\" data-id=\"86fae75\" data-element_type=\"column\" data-settings=\"{&quot;background_background&quot;:&quot;classic&quot;}\">\r\n\t\t\t\t\t<div class=\"elementor-widget-wrap elementor-element-populated\">\r\n\t\t\t\t\t\t\t\t<div class=\"elementor-element elementor-element-2847d22 elementor-widget elementor-widget-image\" data-id=\"2847d22\" data-element_type=\"widget\" data-widget_type=\"image.default\">\n\t\t\t\t<div class=\"elementor-widget-container\">\n\t\t\t\t\t\t\t\t\t\t\t\t\t\t\t<img loading=\"lazy\" decoding=\"async\" width=\"400\" height=\"400\" src=\"https:\/\/nonasa.com.br\/wp-content\/uploads\/2024\/04\/X8A9036_edit.png\" class=\"attachment-large size-large\" alt=\"\" srcset=\"https:\/\/nonasa.com.br\/wp-content\/uploads\/2024\/04\/X8A9036_edit.png 400w, https:\/\/nonasa.com.br\/wp-content\/uploads\/2024\/04\/X8A9036_edit-367x367.png 367w\" sizes=\"auto, (max-width: 400px) 100vw, 400px\" \/>\t\t\t\t\t\t\t\t\t\t\t\t\t\t\t<\/div>\n\t\t\t\t<\/div>\n\t\t\t\t<div class=\"elementor-element elementor-element-a1e70c1 elementor-widget elementor-widget-porto_ultimate_heading\" data-id=\"a1e70c1\" data-element_type=\"widget\" data-widget_type=\"porto_ultimate_heading.default\">\n\t\t\t\t<div class=\"elementor-widget-container\">\n\t\t\t<div class=\"porto-u-heading  porto-u-7270\"><div class=\"porto-u-main-heading\"><h2   >Danielle Fernandes Reis<\/h2><\/div><style>.porto-u-7270.porto-u-heading{text-align:center}<\/style><\/div>\t\t<\/div>\n\t\t\t\t<\/div>\n\t\t\t\t<div class=\"elementor-element elementor-element-10669b3 elementor-widget elementor-widget-text-editor\" data-id=\"10669b3\" data-element_type=\"widget\" data-widget_type=\"text-editor.default\">\n\t\t\t\t<div class=\"elementor-widget-container\">\n\t\t\t\t\t\t\t<p>Compliance<\/p>\t\t\t\t\t\t<\/div>\n\t\t\t\t<\/div>\n\t\t\t\t\t<\/div>\r\n\t\t\t\t<\/div>\r\n\t\t\t\t\t<\/div>\r\n\t\t\t\t<\/section>\r\n\t\t\t\t\t\t\t<\/div>\n\t\t","protected":false},"excerpt":{"rendered":"<p>A Nona A Nona \u00e9 uma empresa especializada em intermedia\u00e7\u00e3o de neg\u00f3cios, atuando em diversos setores, incluindo expans\u00e3o empresarial, gest\u00e3o de ativos, loteamentos e gest\u00e3o de vendas. Miss\u00e3o Facilitar e estruturar neg\u00f3cios, oferecendo solu\u00e7\u00f5es personalizadas e estrat\u00e9gicas para atender \u00e0s necessidades espec\u00edficas de cada cliente. Vis\u00e3o Ser reconhecida como uma parceira essencial na viabiliza\u00e7\u00e3o de [&hellip;]<\/p>\n","protected":false},"author":1,"featured_media":0,"parent":0,"menu_order":0,"comment_status":"closed","ping_status":"closed","template":"","meta":{"footnotes":""},"class_list":["post-68","page","type-page","status-publish","hentry"],"_links":{"self":[{"href":"https:\/\/nonasa.com.br\/index.php\/wp-json\/wp\/v2\/pages\/68","targetHints":{"allow":["GET"]}}],"collection":[{"href":"https:\/\/nonasa.com.br\/index.php\/wp-json\/wp\/v2\/pages"}],"about":[{"href":"https:\/\/nonasa.com.br\/index.php\/wp-json\/wp\/v2\/types\/page"}],"author":[{"embeddable":true,"href":"https:\/\/nonasa.com.br\/index.php\/wp-json\/wp\/v2\/users\/1"}],"replies":[{"embeddable":true,"href":"https:\/\/nonasa.com.br\/index.php\/wp-json\/wp\/v2\/comments?post=68"}],"version-history":[{"count":0,"href":"https:\/\/nonasa.com.br\/index.php\/wp-json\/wp\/v2\/pages\/68\/revisions"}],"wp:attachment":[{"href":"https:\/\/nonasa.com.br\/index.php\/wp-json\/wp\/v2\/media?parent=68"}],"curies":[{"name":"wp","href":"https:\/\/api.w.org\/{rel}","templated":true}]}}